{"id":543,"date":"2018-11-27T09:17:42","date_gmt":"2018-11-27T09:17:42","guid":{"rendered":"https:\/\/mich-sped.pl\/?page_id=543"},"modified":"2024-05-04T06:58:53","modified_gmt":"2024-05-04T04:58:53","slug":"mich-sped-kierunki","status":"publish","type":"page","link":"https:\/\/mich-sped.pl\/?page_id=543","title":{"rendered":"Kierunki"},"content":{"rendered":"\t\t<div data-elementor-type=\"wp-post\" data-elementor-id=\"543\" class=\"elementor elementor-543\">\n\t\t\t\t\t\t\t\t\t<section class=\"elementor-section elementor-top-section elementor-element elementor-element-7ac9ca5 elementor-section-full_width elementor-section-height-default elementor-section-height-default\" data-id=\"7ac9ca5\" data-element_type=\"section\" data-settings=\"{&quot;background_background&quot;:&quot;classic&quot;}\">\n\t\t\t\t\t\t\t<div class=\"elementor-background-overlay\"><\/div>\n\t\t\t\t\t\t\t<div class=\"elementor-container elementor-column-gap-default\">\n\t\t\t\t\t<div class=\"elementor-column elementor-col-100 elementor-top-column elementor-element elementor-element-90988fe\" data-id=\"90988fe\" data-element_type=\"column\">\n\t\t\t<div class=\"elementor-widget-wrap elementor-element-populated\">\n\t\t\t\t\t\t\t\t<div class=\"elementor-element elementor-element-4a1c612 elementor-widget elementor-widget-heading\" data-id=\"4a1c612\" data-element_type=\"widget\" data-widget_type=\"heading.default\">\n\t\t\t\t<div class=\"elementor-widget-container\">\n\t\t\t<style>\/*! elementor - v3.6.7 - 03-07-2022 *\/\n.elementor-heading-title{padding:0;margin:0;line-height:1}.elementor-widget-heading .elementor-heading-title[class*=elementor-size-]>a{color:inherit;font-size:inherit;line-height:inherit}.elementor-widget-heading .elementor-heading-title.elementor-size-small{font-size:15px}.elementor-widget-heading .elementor-heading-title.elementor-size-medium{font-size:19px}.elementor-widget-heading .elementor-heading-title.elementor-size-large{font-size:29px}.elementor-widget-heading .elementor-heading-title.elementor-size-xl{font-size:39px}.elementor-widget-heading .elementor-heading-title.elementor-size-xxl{font-size:59px}<\/style><h1 class=\"elementor-heading-title elementor-size-default\">Kierunki<\/h1>\t\t<\/div>\n\t\t\t\t<\/div>\n\t\t\t\t\t<\/div>\n\t\t<\/div>\n\t\t\t\t\t\t\t<\/div>\n\t\t<\/section>\n\t\t\t\t<section class=\"elementor-section elementor-top-section elementor-element elementor-element-8262e30 elementor-section-content-middle elementor-section-boxed elementor-section-height-default elementor-section-height-default elementor-invisible\" data-id=\"8262e30\" data-element_type=\"section\" data-settings=\"{&quot;animation&quot;:&quot;fadeInUp&quot;}\">\n\t\t\t\t\t\t\t<div class=\"elementor-background-overlay\"><\/div>\n\t\t\t\t\t\t\t<div class=\"elementor-container elementor-column-gap-no\">\n\t\t\t\t\t<div class=\"elementor-column elementor-col-100 elementor-top-column elementor-element elementor-element-da6ae65\" data-id=\"da6ae65\" data-element_type=\"column\">\n\t\t\t<div class=\"elementor-widget-wrap elementor-element-populated\">\n\t\t\t\t\t\t\t\t<div class=\"elementor-element elementor-element-9551936 elementor-widget-divider--view-line elementor-widget elementor-widget-divider\" data-id=\"9551936\" data-element_type=\"widget\" data-widget_type=\"divider.default\">\n\t\t\t\t<div class=\"elementor-widget-container\">\n\t\t\t<style>\/*! elementor - v3.6.7 - 03-07-2022 *\/\n.elementor-widget-divider{--divider-border-style:none;--divider-border-width:1px;--divider-color:#2c2c2c;--divider-icon-size:20px;--divider-element-spacing:10px;--divider-pattern-height:24px;--divider-pattern-size:20px;--divider-pattern-url:none;--divider-pattern-repeat:repeat-x}.elementor-widget-divider .elementor-divider{display:-webkit-box;display:-ms-flexbox;display:flex}.elementor-widget-divider .elementor-divider__text{font-size:15px;line-height:1;max-width:95%}.elementor-widget-divider .elementor-divider__element{margin:0 var(--divider-element-spacing);-ms-flex-negative:0;flex-shrink:0}.elementor-widget-divider .elementor-icon{font-size:var(--divider-icon-size)}.elementor-widget-divider .elementor-divider-separator{display:-webkit-box;display:-ms-flexbox;display:flex;margin:0;direction:ltr}.elementor-widget-divider--view-line_icon .elementor-divider-separator,.elementor-widget-divider--view-line_text .elementor-divider-separator{-webkit-box-align:center;-ms-flex-align:center;align-items:center}.elementor-widget-divider--view-line_icon .elementor-divider-separator:after,.elementor-widget-divider--view-line_icon .elementor-divider-separator:before,.elementor-widget-divider--view-line_text .elementor-divider-separator:after,.elementor-widget-divider--view-line_text .elementor-divider-separator:before{display:block;content:\"\";border-bottom:0;-webkit-box-flex:1;-ms-flex-positive:1;flex-grow:1;border-top:var(--divider-border-width) var(--divider-border-style) var(--divider-color)}.elementor-widget-divider--element-align-left .elementor-divider .elementor-divider-separator>.elementor-divider__svg:first-of-type{-webkit-box-flex:0;-ms-flex-positive:0;flex-grow:0;-ms-flex-negative:100;flex-shrink:100}.elementor-widget-divider--element-align-left .elementor-divider-separator:before{content:none}.elementor-widget-divider--element-align-left .elementor-divider__element{margin-left:0}.elementor-widget-divider--element-align-right .elementor-divider .elementor-divider-separator>.elementor-divider__svg:last-of-type{-webkit-box-flex:0;-ms-flex-positive:0;flex-grow:0;-ms-flex-negative:100;flex-shrink:100}.elementor-widget-divider--element-align-right .elementor-divider-separator:after{content:none}.elementor-widget-divider--element-align-right .elementor-divider__element{margin-right:0}.elementor-widget-divider:not(.elementor-widget-divider--view-line_text):not(.elementor-widget-divider--view-line_icon) .elementor-divider-separator{border-top:var(--divider-border-width) var(--divider-border-style) var(--divider-color)}.elementor-widget-divider--separator-type-pattern{--divider-border-style:none}.elementor-widget-divider--separator-type-pattern.elementor-widget-divider--view-line .elementor-divider-separator,.elementor-widget-divider--separator-type-pattern:not(.elementor-widget-divider--view-line) .elementor-divider-separator:after,.elementor-widget-divider--separator-type-pattern:not(.elementor-widget-divider--view-line) .elementor-divider-separator:before,.elementor-widget-divider--separator-type-pattern:not([class*=elementor-widget-divider--view]) .elementor-divider-separator{width:100%;min-height:var(--divider-pattern-height);-webkit-mask-size:var(--divider-pattern-size) 100%;mask-size:var(--divider-pattern-size) 100%;-webkit-mask-repeat:var(--divider-pattern-repeat);mask-repeat:var(--divider-pattern-repeat);background-color:var(--divider-color);-webkit-mask-image:var(--divider-pattern-url);mask-image:var(--divider-pattern-url)}.elementor-widget-divider--no-spacing{--divider-pattern-size:auto}.elementor-widget-divider--bg-round{--divider-pattern-repeat:round}.rtl .elementor-widget-divider .elementor-divider__text{direction:rtl}<\/style>\t\t<div class=\"elementor-divider\">\n\t\t\t<span class=\"elementor-divider-separator\">\n\t\t\t\t\t\t<\/span>\n\t\t<\/div>\n\t\t\t\t<\/div>\n\t\t\t\t<\/div>\n\t\t\t\t<div class=\"elementor-element elementor-element-b0fabca elementor-position-top elementor-vertical-align-top elementor-widget elementor-widget-image-box\" data-id=\"b0fabca\" data-element_type=\"widget\" data-widget_type=\"image-box.default\">\n\t\t\t\t<div class=\"elementor-widget-container\">\n\t\t\t<style>\/*! elementor - v3.6.7 - 03-07-2022 *\/\n.elementor-widget-image-box .elementor-image-box-content{width:100%}@media (min-width:768px){.elementor-widget-image-box.elementor-position-left .elementor-image-box-wrapper,.elementor-widget-image-box.elementor-position-right .elementor-image-box-wrapper{display:-webkit-box;display:-ms-flexbox;display:flex}.elementor-widget-image-box.elementor-position-right .elementor-image-box-wrapper{text-align:right;-webkit-box-orient:horizontal;-webkit-box-direction:reverse;-ms-flex-direction:row-reverse;flex-direction:row-reverse}.elementor-widget-image-box.elementor-position-left .elementor-image-box-wrapper{text-align:left;-webkit-box-orient:horizontal;-webkit-box-direction:normal;-ms-flex-direction:row;flex-direction:row}.elementor-widget-image-box.elementor-position-top .elementor-image-box-img{margin:auto}.elementor-widget-image-box.elementor-vertical-align-top .elementor-image-box-wrapper{-webkit-box-align:start;-ms-flex-align:start;align-items:flex-start}.elementor-widget-image-box.elementor-vertical-align-middle .elementor-image-box-wrapper{-webkit-box-align:center;-ms-flex-align:center;align-items:center}.elementor-widget-image-box.elementor-vertical-align-bottom .elementor-image-box-wrapper{-webkit-box-align:end;-ms-flex-align:end;align-items:flex-end}}@media (max-width:767px){.elementor-widget-image-box .elementor-image-box-img{margin-left:auto!important;margin-right:auto!important;margin-bottom:15px}}.elementor-widget-image-box .elementor-image-box-img{display:inline-block}.elementor-widget-image-box .elementor-image-box-title a{color:inherit}.elementor-widget-image-box .elementor-image-box-wrapper{text-align:center}.elementor-widget-image-box .elementor-image-box-description{margin:0}<\/style><div class=\"elementor-image-box-wrapper\"><div class=\"elementor-image-box-content\"><h2 class=\"elementor-image-box-title\">Transport krajowy<\/h2><p class=\"elementor-image-box-description\">Transport w Polsce jest nasz\u0105 specjalno\u015bci\u0105. Transporty realizowane na terenie <b>ca\u0142ej Polski<\/b>, kt\u00f3re zosta\u0142y zlecone przez klienta s\u0105 <b>ubezpieczone <\/b>przez nasz\u0105 firm\u0119 MICH-SPED Polska gospodarka stale si\u0119 rozwija. Dobrze wiemy, \u017ce krajowy transport ci\u0119\u017carowy jest zatem istotnym elementem funkcjonowania wielu polskich przedsi\u0119biorstw. Dlatego ca\u0142y nasz zesp\u00f3\u0142 ci\u0105gle stara si\u0119 sprosta\u0107 potrzebom naszych Klient\u00f3w, s\u0142u\u017c\u0105c pomoc\u0105, jak i wyr\u0119czaj\u0105c ich w kwestii kompletowania dokument\u00f3w oraz informuj\u0105c o przebiegu procesu organizacji transportu.\n\n<\/p><\/div><\/div>\t\t<\/div>\n\t\t\t\t<\/div>\n\t\t\t\t<div class=\"elementor-element elementor-element-ecefbad elementor-widget-tablet__width-initial elementor-widget elementor-widget-image\" data-id=\"ecefbad\" data-element_type=\"widget\" data-widget_type=\"image.default\">\n\t\t\t\t<div class=\"elementor-widget-container\">\n\t\t\t<style>\/*! elementor - v3.6.7 - 03-07-2022 *\/\n.elementor-widget-image{text-align:center}.elementor-widget-image a{display:inline-block}.elementor-widget-image a img[src$=\".svg\"]{width:48px}.elementor-widget-image img{vertical-align:middle;display:inline-block}<\/style>\t\t\t\t\t\t\t\t\t\t\t\t<img decoding=\"async\" src=\"https:\/\/mich-sped.pl\/wp-content\/plugins\/elementor\/assets\/images\/placeholder.png\" title=\"\" alt=\"\" \/>\t\t\t\t\t\t\t\t\t\t\t\t\t\t\t<\/div>\n\t\t\t\t<\/div>\n\t\t\t\t\t<\/div>\n\t\t<\/div>\n\t\t\t\t\t\t\t<\/div>\n\t\t<\/section>\n\t\t\t\t<section class=\"elementor-section elementor-top-section elementor-element elementor-element-981c27d elementor-section-content-middle elementor-section-boxed elementor-section-height-default elementor-section-height-default elementor-invisible\" data-id=\"981c27d\" data-element_type=\"section\" data-settings=\"{&quot;background_background&quot;:&quot;classic&quot;,&quot;animation&quot;:&quot;fadeInUp&quot;}\">\n\t\t\t\t\t\t\t<div class=\"elementor-background-overlay\"><\/div>\n\t\t\t\t\t\t\t<div class=\"elementor-container elementor-column-gap-no\">\n\t\t\t\t\t<div class=\"elementor-column elementor-col-100 elementor-top-column elementor-element elementor-element-1831b66\" data-id=\"1831b66\" data-element_type=\"column\">\n\t\t\t<div class=\"elementor-widget-wrap elementor-element-populated\">\n\t\t\t\t\t\t\t\t<div class=\"elementor-element elementor-element-3f64cda elementor-widget-divider--view-line elementor-widget elementor-widget-divider\" data-id=\"3f64cda\" data-element_type=\"widget\" data-widget_type=\"divider.default\">\n\t\t\t\t<div class=\"elementor-widget-container\">\n\t\t\t\t\t<div class=\"elementor-divider\">\n\t\t\t<span class=\"elementor-divider-separator\">\n\t\t\t\t\t\t<\/span>\n\t\t<\/div>\n\t\t\t\t<\/div>\n\t\t\t\t<\/div>\n\t\t\t\t<div class=\"elementor-element elementor-element-e50b5bd elementor-position-top elementor-vertical-align-top elementor-widget elementor-widget-image-box\" data-id=\"e50b5bd\" data-element_type=\"widget\" data-widget_type=\"image-box.default\">\n\t\t\t\t<div class=\"elementor-widget-container\">\n\t\t\t<div class=\"elementor-image-box-wrapper\"><div class=\"elementor-image-box-content\"><h2 class=\"elementor-image-box-title\">transport mi\u0119dzynarodowy<\/h2><p class=\"elementor-image-box-description\">Spedycja mi\u0119dzynarodowa w relacjach ze wszystkimi <b>krajami UE, krajami WNP oraz Norwegi\u0105, Szwajcari\u0105, Wielk\u0105 Brytani\u0105<\/b>.\n\n\n<\/p><\/div><\/div>\t\t<\/div>\n\t\t\t\t<\/div>\n\t\t\t\t<div class=\"elementor-element elementor-element-d25c8dc elementor-widget elementor-widget-image\" data-id=\"d25c8dc\" data-element_type=\"widget\" data-widget_type=\"image.default\">\n\t\t\t\t<div class=\"elementor-widget-container\">\n\t\t\t\t\t\t\t\t\t\t\t\t\t\t\t<img decoding=\"async\" src=\"https:\/\/mich-sped.pl\/wp-content\/plugins\/elementor\/assets\/images\/placeholder.png\" title=\"\" alt=\"\" \/>\t\t\t\t\t\t\t\t\t\t\t\t\t\t\t<\/div>\n\t\t\t\t<\/div>\n\t\t\t\t\t<\/div>\n\t\t<\/div>\n\t\t\t\t\t\t\t<\/div>\n\t\t<\/section>\n\t\t\t\t\t\t\t<\/div>\n\t\t","protected":false},"excerpt":{"rendered":"<p>Kierunki Transport krajowy Transport w Polsce jest nasz\u0105 specjalno\u015bci\u0105. Transporty realizowane na terenie ca\u0142ej Polski, kt\u00f3re zosta\u0142y zlecone przez klienta s\u0105 ubezpieczone przez nasz\u0105 firm\u0119 MICH-SPED Polska gospodarka stale si\u0119 rozwija. Dobrze wiemy, \u017ce krajowy transport ci\u0119\u017carowy jest zatem istotnym elementem funkcjonowania wielu polskich przedsi\u0119biorstw. Dlatego ca\u0142y nasz zesp\u00f3\u0142 ci\u0105gle stara si\u0119 sprosta\u0107 potrzebom naszych &hellip;<\/p>\n<p class=\"read-more\"> <a class=\"\" href=\"https:\/\/mich-sped.pl\/?page_id=543\"> <span class=\"screen-reader-text\">Kierunki<\/span> Read More &raquo;<\/a><\/p>\n","protected":false},"author":2,"featured_media":0,"parent":0,"menu_order":0,"comment_status":"closed","ping_status":"closed","template":"","meta":{"site-sidebar-layout":"no-sidebar","site-content-layout":"page-builder","ast-global-header-display":"","ast-main-header-display":"","ast-hfb-above-header-display":"","ast-hfb-below-header-display":"","ast-hfb-mobile-header-display":"","site-post-title":"disabled","ast-breadcrumbs-content":"","ast-featured-img":"disabled","footer-sml-layout":"","theme-transparent-header-meta":"enabled","adv-header-id-meta":"","stick-header-meta":"","header-above-stick-meta":"","header-main-stick-meta":"","header-below-stick-meta":"","footnotes":""},"class_list":["post-543","page","type-page","status-publish","hentry"],"yoast_head":"<!-- This site is optimized with the Yoast SEO plugin v19.3 - https:\/\/yoast.com\/wordpress\/plugins\/seo\/ -->\n<title>Kierunki - Mich-Sped<\/title>\n<meta name=\"description\" content=\"Zajmujemy si\u0119 transportem Krajowym jak i Mi\u0119dzynarodowym po ca\u0142ej Europie. Firma transportowa MICH-SPED\" \/>\n<meta name=\"robots\" content=\"index, follow, max-snippet:-1, max-image-preview:large, max-video-preview:-1\" \/>\n<link rel=\"canonical\" href=\"https:\/\/mich-sped.pl\/?page_id=543\" \/>\n<meta property=\"og:locale\" content=\"pl_PL\" \/>\n<meta property=\"og:type\" content=\"article\" \/>\n<meta property=\"og:title\" content=\"Kierunki - Mich-Sped\" \/>\n<meta property=\"og:description\" content=\"Zajmujemy si\u0119 transportem Krajowym jak i Mi\u0119dzynarodowym po ca\u0142ej Europie. Firma transportowa MICH-SPED\" \/>\n<meta property=\"og:url\" content=\"https:\/\/mich-sped.pl\/?page_id=543\" \/>\n<meta property=\"og:site_name\" content=\"Mich-Sped\" \/>\n<meta property=\"article:modified_time\" content=\"2024-05-04T04:58:53+00:00\" \/>\n<meta property=\"og:image\" content=\"https:\/\/mich-sped.pl\/wp-content\/uploads\/2022\/07\/5d1f0c309597094fa83786e1b3ac0681_XL-768x513.jpg\" \/>\n<meta name=\"twitter:card\" content=\"summary_large_image\" \/>\n<meta name=\"twitter:label1\" content=\"Szacowany czas czytania\" \/>\n\t<meta name=\"twitter:data1\" content=\"1 minuta\" \/>\n<script type=\"application\/ld+json\" class=\"yoast-schema-graph\">{\"@context\":\"https:\/\/schema.org\",\"@graph\":[{\"@type\":\"Organization\",\"@id\":\"https:\/\/mich-sped.pl\/#organization\",\"name\":\"Mich-Sped\",\"url\":\"https:\/\/mich-sped.pl\/\",\"sameAs\":[],\"logo\":{\"@type\":\"ImageObject\",\"inLanguage\":\"pl-PL\",\"@id\":\"https:\/\/mich-sped.pl\/#\/schema\/logo\/image\/\",\"url\":\"https:\/\/mich-sped.pl\/wp-content\/uploads\/2022\/07\/Mich-sped-male.png\",\"contentUrl\":\"https:\/\/mich-sped.pl\/wp-content\/uploads\/2022\/07\/Mich-sped-male.png\",\"width\":604,\"height\":102,\"caption\":\"Mich-Sped\"},\"image\":{\"@id\":\"https:\/\/mich-sped.pl\/#\/schema\/logo\/image\/\"}},{\"@type\":\"WebSite\",\"@id\":\"https:\/\/mich-sped.pl\/#website\",\"url\":\"https:\/\/mich-sped.pl\/\",\"name\":\"Mich-Sped\",\"description\":\"MICH-SPED\",\"publisher\":{\"@id\":\"https:\/\/mich-sped.pl\/#organization\"},\"potentialAction\":[{\"@type\":\"SearchAction\",\"target\":{\"@type\":\"EntryPoint\",\"urlTemplate\":\"https:\/\/mich-sped.pl\/?s={search_term_string}\"},\"query-input\":\"required name=search_term_string\"}],\"inLanguage\":\"pl-PL\"},{\"@type\":\"ImageObject\",\"inLanguage\":\"pl-PL\",\"@id\":\"https:\/\/mich-sped.pl\/?page_id=543#primaryimage\",\"url\":\"https:\/\/mich-sped.pl\/wp-content\/uploads\/2022\/07\/5d1f0c309597094fa83786e1b3ac0681_XL.jpg\",\"contentUrl\":\"https:\/\/mich-sped.pl\/wp-content\/uploads\/2022\/07\/5d1f0c309597094fa83786e1b3ac0681_XL.jpg\",\"width\":810,\"height\":541},{\"@type\":\"WebPage\",\"@id\":\"https:\/\/mich-sped.pl\/?page_id=543\",\"url\":\"https:\/\/mich-sped.pl\/?page_id=543\",\"name\":\"Kierunki - Mich-Sped\",\"isPartOf\":{\"@id\":\"https:\/\/mich-sped.pl\/#website\"},\"primaryImageOfPage\":{\"@id\":\"https:\/\/mich-sped.pl\/?page_id=543#primaryimage\"},\"datePublished\":\"2018-11-27T09:17:42+00:00\",\"dateModified\":\"2024-05-04T04:58:53+00:00\",\"description\":\"Zajmujemy si\u0119 transportem Krajowym jak i Mi\u0119dzynarodowym po ca\u0142ej Europie. Firma transportowa MICH-SPED\",\"breadcrumb\":{\"@id\":\"https:\/\/mich-sped.pl\/?page_id=543#breadcrumb\"},\"inLanguage\":\"pl-PL\",\"potentialAction\":[{\"@type\":\"ReadAction\",\"target\":[\"https:\/\/mich-sped.pl\/?page_id=543\"]}]},{\"@type\":\"BreadcrumbList\",\"@id\":\"https:\/\/mich-sped.pl\/?page_id=543#breadcrumb\",\"itemListElement\":[{\"@type\":\"ListItem\",\"position\":1,\"name\":\"Strona g\u0142\u00f3wna\",\"item\":\"https:\/\/mich-sped.pl\/\"},{\"@type\":\"ListItem\",\"position\":2,\"name\":\"Kierunki\"}]}]}<\/script>\n<!-- \/ Yoast SEO plugin. -->","yoast_head_json":{"title":"Kierunki - Mich-Sped","description":"Zajmujemy si\u0119 transportem Krajowym jak i Mi\u0119dzynarodowym po ca\u0142ej Europie. Firma transportowa MICH-SPED","robots":{"index":"index","follow":"follow","max-snippet":"max-snippet:-1","max-image-preview":"max-image-preview:large","max-video-preview":"max-video-preview:-1"},"canonical":"https:\/\/mich-sped.pl\/?page_id=543","og_locale":"pl_PL","og_type":"article","og_title":"Kierunki - Mich-Sped","og_description":"Zajmujemy si\u0119 transportem Krajowym jak i Mi\u0119dzynarodowym po ca\u0142ej Europie. Firma transportowa MICH-SPED","og_url":"https:\/\/mich-sped.pl\/?page_id=543","og_site_name":"Mich-Sped","article_modified_time":"2024-05-04T04:58:53+00:00","og_image":[{"url":"https:\/\/mich-sped.pl\/wp-content\/uploads\/2022\/07\/5d1f0c309597094fa83786e1b3ac0681_XL-768x513.jpg"}],"twitter_card":"summary_large_image","twitter_misc":{"Szacowany czas czytania":"1 minuta"},"schema":{"@context":"https:\/\/schema.org","@graph":[{"@type":"Organization","@id":"https:\/\/mich-sped.pl\/#organization","name":"Mich-Sped","url":"https:\/\/mich-sped.pl\/","sameAs":[],"logo":{"@type":"ImageObject","inLanguage":"pl-PL","@id":"https:\/\/mich-sped.pl\/#\/schema\/logo\/image\/","url":"https:\/\/mich-sped.pl\/wp-content\/uploads\/2022\/07\/Mich-sped-male.png","contentUrl":"https:\/\/mich-sped.pl\/wp-content\/uploads\/2022\/07\/Mich-sped-male.png","width":604,"height":102,"caption":"Mich-Sped"},"image":{"@id":"https:\/\/mich-sped.pl\/#\/schema\/logo\/image\/"}},{"@type":"WebSite","@id":"https:\/\/mich-sped.pl\/#website","url":"https:\/\/mich-sped.pl\/","name":"Mich-Sped","description":"MICH-SPED","publisher":{"@id":"https:\/\/mich-sped.pl\/#organization"},"potentialAction":[{"@type":"SearchAction","target":{"@type":"EntryPoint","urlTemplate":"https:\/\/mich-sped.pl\/?s={search_term_string}"},"query-input":"required name=search_term_string"}],"inLanguage":"pl-PL"},{"@type":"ImageObject","inLanguage":"pl-PL","@id":"https:\/\/mich-sped.pl\/?page_id=543#primaryimage","url":"https:\/\/mich-sped.pl\/wp-content\/uploads\/2022\/07\/5d1f0c309597094fa83786e1b3ac0681_XL.jpg","contentUrl":"https:\/\/mich-sped.pl\/wp-content\/uploads\/2022\/07\/5d1f0c309597094fa83786e1b3ac0681_XL.jpg","width":810,"height":541},{"@type":"WebPage","@id":"https:\/\/mich-sped.pl\/?page_id=543","url":"https:\/\/mich-sped.pl\/?page_id=543","name":"Kierunki - Mich-Sped","isPartOf":{"@id":"https:\/\/mich-sped.pl\/#website"},"primaryImageOfPage":{"@id":"https:\/\/mich-sped.pl\/?page_id=543#primaryimage"},"datePublished":"2018-11-27T09:17:42+00:00","dateModified":"2024-05-04T04:58:53+00:00","description":"Zajmujemy si\u0119 transportem Krajowym jak i Mi\u0119dzynarodowym po ca\u0142ej Europie. Firma transportowa MICH-SPED","breadcrumb":{"@id":"https:\/\/mich-sped.pl\/?page_id=543#breadcrumb"},"inLanguage":"pl-PL","potentialAction":[{"@type":"ReadAction","target":["https:\/\/mich-sped.pl\/?page_id=543"]}]},{"@type":"BreadcrumbList","@id":"https:\/\/mich-sped.pl\/?page_id=543#breadcrumb","itemListElement":[{"@type":"ListItem","position":1,"name":"Strona g\u0142\u00f3wna","item":"https:\/\/mich-sped.pl\/"},{"@type":"ListItem","position":2,"name":"Kierunki"}]}]}},"_links":{"self":[{"href":"https:\/\/mich-sped.pl\/index.php?rest_route=\/wp\/v2\/pages\/543","targetHints":{"allow":["GET"]}}],"collection":[{"href":"https:\/\/mich-sped.pl\/index.php?rest_route=\/wp\/v2\/pages"}],"about":[{"href":"https:\/\/mich-sped.pl\/index.php?rest_route=\/wp\/v2\/types\/page"}],"author":[{"embeddable":true,"href":"https:\/\/mich-sped.pl\/index.php?rest_route=\/wp\/v2\/users\/2"}],"replies":[{"embeddable":true,"href":"https:\/\/mich-sped.pl\/index.php?rest_route=%2Fwp%2Fv2%2Fcomments&post=543"}],"version-history":[{"count":72,"href":"https:\/\/mich-sped.pl\/index.php?rest_route=\/wp\/v2\/pages\/543\/revisions"}],"predecessor-version":[{"id":934,"href":"https:\/\/mich-sped.pl\/index.php?rest_route=\/wp\/v2\/pages\/543\/revisions\/934"}],"wp:attachment":[{"href":"https:\/\/mich-sped.pl\/index.php?rest_route=%2Fwp%2Fv2%2Fmedia&parent=543"}],"curies":[{"name":"wp","href":"https:\/\/api.w.org\/{rel}","templated":true}]}}